{"id":9,"date":"2025-11-23T18:08:25","date_gmt":"2025-11-23T18:08:25","guid":{"rendered":"https:\/\/skarja.de\/?page_id=9"},"modified":"2026-01-27T15:48:29","modified_gmt":"2026-01-27T15:48:29","slug":"startseite-2","status":"publish","type":"page","link":"https:\/\/se.skarja.de\/wordpress\/","title":{"rendered":"Startseite"},"content":{"rendered":"<p>&nbsp;<\/p>\n<p>V\u00e4lkommen till Skarja.de:s nya hemsida!<\/p>\n<p>H\u00e4r p\u00e5g\u00e5r fortfarande lite pyssel!<\/p>\n<p>M\u00e5let \u00e4r att visa upp n\u00e5got av Skandinaviens landskap, s\u00e4rskilt Sveriges, och kanske ocks\u00e5 v\u00e4cka lusten att uppleva det sj\u00e4lv.<\/p>\n<p>Min entusiasm f\u00f6r Sarek nationalpark v\u00e4cktes av en diabildsf\u00f6redrag som min bror h\u00f6ll. Eftersom han \u00e5ret d\u00e4rp\u00e5 ville ge sig iv\u00e4g p\u00e5 en vandring i nationalparken, var jag tvungen att f\u00f6lja med (1982).<br \/>\nUnder de f\u00f6ljande \u00e5ren vandrade jag ofta i Lappland och bes\u00f6kte Sarek n\u00e4stan varje g\u00e5ng.<\/p>\n<p>Vad betyder egentligen \u201dSkarja\u201d?<br \/>\nHelt enkelt \u201dsax\u201d.<br \/>\nDalarna vid Skarja \u00e4r saxformade \u2013 Alggavagge, Guohpervagge, Ruohtesvagge och Rapadalen.<\/p>\n<p>&nbsp;<\/p>\n<p><img loading=\"lazy\" decoding=\"async\" class=\"alignnone wp-image-712\" src=\"https:\/\/se.skarja.de\/wordpress\/wp-content\/uploads\/2026\/01\/DSC_0175-300x199.jpg\" alt=\"\" width=\"600\" height=\"398\" srcset=\"https:\/\/se.skarja.de\/wordpress\/wp-content\/uploads\/2026\/01\/DSC_0175-300x199.jpg 300w, https:\/\/se.skarja.de\/wordpress\/wp-content\/uploads\/2026\/01\/DSC_0175-768x510.jpg 768w, https:\/\/se.skarja.de\/wordpress\/wp-content\/uploads\/2026\/01\/DSC_0175.jpg 900w\" sizes=\"auto, (max-width: 600px) 100vw, 600px\" \/><\/p>\n<p>Jag har vandrat i alla dalar i Sarek och tagit massor av foton. Ett urval<br \/>\n(som kommer att ut\u00f6kas) visas i de enskilda bildspelen.<br \/>\nBilderna \u00e4r tagna under perioden 1984\u20132025.<\/p>\n<p>&nbsp;<\/p>\n<p><img loading=\"lazy\" decoding=\"async\" class=\"alignnone wp-image-552\" src=\"https:\/\/se.skarja.de\/wordpress\/wp-content\/uploads\/2026\/01\/IMG_0167-300x200.jpg\" alt=\"\" width=\"600\" height=\"400\" srcset=\"https:\/\/se.skarja.de\/wordpress\/wp-content\/uploads\/2026\/01\/IMG_0167-300x200.jpg 300w, https:\/\/se.skarja.de\/wordpress\/wp-content\/uploads\/2026\/01\/IMG_0167-768x512.jpg 768w, https:\/\/se.skarja.de\/wordpress\/wp-content\/uploads\/2026\/01\/IMG_0167.jpg 1000w\" sizes=\"auto, (max-width: 600px) 100vw, 600px\" \/><\/p>\n<p>Senare kom \u00e4ven andra transportmedel till, s\u00e5som hopf\u00e4llbara b\u00e5tar, skidor och pulka.<\/p>\n<p>&nbsp;<\/p>\n<p><img loading=\"lazy\" decoding=\"async\" class=\"alignnone wp-image-713\" src=\"https:\/\/se.skarja.de\/wordpress\/wp-content\/uploads\/2026\/01\/IMGP0071-300x225.jpg\" alt=\"\" width=\"600\" height=\"450\" srcset=\"https:\/\/se.skarja.de\/wordpress\/wp-content\/uploads\/2026\/01\/IMGP0071-300x225.jpg 300w, https:\/\/se.skarja.de\/wordpress\/wp-content\/uploads\/2026\/01\/IMGP0071-768x576.jpg 768w, https:\/\/se.skarja.de\/wordpress\/wp-content\/uploads\/2026\/01\/IMGP0071.jpg 933w\" sizes=\"auto, (max-width: 600px) 100vw, 600px\" \/><\/p>\n<p>Resorna utvidgades till att omfatta framf\u00f6r allt de fantastiska sk\u00e4rg\u00e5rdarna l\u00e4ngs den svenska kusten, och \u00e4ven vintern uppt\u00e4cktes som en underbar \u201dvandringss\u00e4song\u201d.<\/p>\n<p>Idag bor jag i Sverige i ett litet hus vid Angerman\u00e4lven i H\u00f6ga kusten-omr\u00e5det.<\/p>\n<p><img loading=\"lazy\" decoding=\"async\" class=\"alignnone wp-image-721\" src=\"https:\/\/se.skarja.de\/wordpress\/wp-content\/uploads\/2026\/01\/Unbenannt-2-300x296.jpg\" alt=\"\" width=\"413\" height=\"407\" srcset=\"https:\/\/se.skarja.de\/wordpress\/wp-content\/uploads\/2026\/01\/Unbenannt-2-300x296.jpg 300w, https:\/\/se.skarja.de\/wordpress\/wp-content\/uploads\/2026\/01\/Unbenannt-2-1024x1010.jpg 1024w, https:\/\/se.skarja.de\/wordpress\/wp-content\/uploads\/2026\/01\/Unbenannt-2-768x758.jpg 768w, https:\/\/se.skarja.de\/wordpress\/wp-content\/uploads\/2026\/01\/Unbenannt-2-100x100.jpg 100w, https:\/\/se.skarja.de\/wordpress\/wp-content\/uploads\/2026\/01\/Unbenannt-2.jpg 1483w\" sizes=\"auto, (max-width: 413px) 100vw, 413px\" \/><\/p>\n<p>Peter<\/p>\n","protected":false},"excerpt":{"rendered":"<p>&nbsp; V\u00e4lkommen till Skarja.de:s nya hemsida! H\u00e4r p\u00e5g\u00e5r fortfarande lite pyssel! M\u00e5let \u00e4r att visa upp n\u00e5got av Skandinaviens landskap, s\u00e4rskilt Sveriges, och kanske ocks\u00e5 v\u00e4cka lusten att uppleva det sj\u00e4lv. Min entusiasm f\u00f6r Sarek nationalpark v\u00e4cktes av en diabildsf\u00f6redrag som min bror h\u00f6ll. Eftersom han \u00e5ret d\u00e4rp\u00e5 ville ge sig iv\u00e4g p\u00e5 en vandring &hellip; <\/p>\n<p class=\"link-more\"><a href=\"https:\/\/se.skarja.de\/wordpress\/\" class=\"more-link\">Forts\u00e4tt l\u00e4sa<span class=\"screen-reader-text\"> \u201dStartseite\u201d<\/span><\/a><\/p>\n","protected":false},"author":1,"featured_media":684,"parent":0,"menu_order":1,"comment_status":"closed","ping_status":"closed","template":"","meta":{"footnotes":""},"class_list":["post-9","page","type-page","status-publish","has-post-thumbnail","hentry"],"_links":{"self":[{"href":"https:\/\/se.skarja.de\/wordpress\/index.php\/wp-json\/wp\/v2\/pages\/9","targetHints":{"allow":["GET"]}}],"collection":[{"href":"https:\/\/se.skarja.de\/wordpress\/index.php\/wp-json\/wp\/v2\/pages"}],"about":[{"href":"https:\/\/se.skarja.de\/wordpress\/index.php\/wp-json\/wp\/v2\/types\/page"}],"author":[{"embeddable":true,"href":"https:\/\/se.skarja.de\/wordpress\/index.php\/wp-json\/wp\/v2\/users\/1"}],"replies":[{"embeddable":true,"href":"https:\/\/se.skarja.de\/wordpress\/index.php\/wp-json\/wp\/v2\/comments?post=9"}],"version-history":[{"count":16,"href":"https:\/\/se.skarja.de\/wordpress\/index.php\/wp-json\/wp\/v2\/pages\/9\/revisions"}],"predecessor-version":[{"id":817,"href":"https:\/\/se.skarja.de\/wordpress\/index.php\/wp-json\/wp\/v2\/pages\/9\/revisions\/817"}],"wp:featuredmedia":[{"embeddable":true,"href":"https:\/\/se.skarja.de\/wordpress\/index.php\/wp-json\/wp\/v2\/media\/684"}],"wp:attachment":[{"href":"https:\/\/se.skarja.de\/wordpress\/index.php\/wp-json\/wp\/v2\/media?parent=9"}],"curies":[{"name":"wp","href":"https:\/\/api.w.org\/{rel}","templated":true}]}}