{"id":445,"date":"2026-01-01T12:16:20","date_gmt":"2026-01-01T12:16:20","guid":{"rendered":"https:\/\/skarja.de\/?page_id=445"},"modified":"2026-01-31T09:34:13","modified_gmt":"2026-01-31T09:34:13","slug":"schaeren","status":"publish","type":"page","link":"https:\/\/se.skarja.de\/wordpress\/index.php\/schaeren\/","title":{"rendered":"Sk\u00e4rg\u00e5rden"},"content":{"rendered":"<h1>Sk\u00e4rg\u00e5rden<\/h1>\n<p><img loading=\"lazy\" decoding=\"async\" class=\"alignnone wp-image-451\" src=\"https:\/\/se.skarja.de\/wordpress\/wp-content\/uploads\/2026\/01\/P1010059-300x200.jpg\" alt=\"\" width=\"575\" height=\"383\" srcset=\"https:\/\/se.skarja.de\/wordpress\/wp-content\/uploads\/2026\/01\/P1010059-300x200.jpg 300w, https:\/\/se.skarja.de\/wordpress\/wp-content\/uploads\/2026\/01\/P1010059-1024x684.jpg 1024w, https:\/\/se.skarja.de\/wordpress\/wp-content\/uploads\/2026\/01\/P1010059-768x513.jpg 768w, https:\/\/se.skarja.de\/wordpress\/wp-content\/uploads\/2026\/01\/P1010059.jpg 1100w\" sizes=\"auto, (max-width: 575px) 100vw, 575px\" \/><\/p>\n<div class=\"item-page\">\n<p>L\u00e4ngs den svenska kusten finns tiotusentals sk\u00e4r; bara den ber\u00f6mda Stockholms sk\u00e4rg\u00e5rd omfattar cirka 30 000 \u00f6ar, klippor och sk\u00e4r som str\u00e4cker sig ut i \u00d6stersj\u00f6n, men \u00e4ven omr\u00e5den som Bohusl\u00e4n p\u00e5 v\u00e4stkusten har \u00f6ver 8 000 \u00f6ar som bildar ett imponerande sk\u00e4rg\u00e5rdslandskap.<\/p>\n<p>En sk\u00e4r \u00e4r en liten \u00f6 som bildades under istiden, n\u00e4r inlandsisen fr\u00e5n Skandinavien och Nordamerika fl\u00f6dade \u00f6ver och slipade ned de underliggande bergarterna. S\u00e5 bildades deras platta, rundade form. De kan vara fr\u00e5n n\u00e5gra kvadratmeter till flera kvadratkilometer stora. Sk\u00e4rg\u00e5rdar f\u00f6rekommer fr\u00e4mst i Skandinavien och Kanada, ofta i grupper som s\u00e5 kallade sk\u00e4rg\u00e5rdar. Det tyska begreppet Sch\u00e4rengarten, som anv\u00e4nds f\u00f6r kusten utanf\u00f6r Stockholm, bygger p\u00e5 en \u00f6vers\u00e4ttning av det svenska ordet sk\u00e4rg\u00e5rd respektive det danska ordet sk\u00e6rg\u00e5rd. G\u00e5rd betyder p\u00e5 svenska ocks\u00e5 \u201dtr\u00e4dg\u00e5rd\u201d: tr\u00e4dg\u00e5rd \u2013 blomster- och v\u00e4xttr\u00e4dg\u00e5rd, egentligen: tr\u00e4dg\u00e5rd.<\/p>\n<p>Det s\u00e4llan anv\u00e4nda uttrycket Sch\u00e4renhof bygger p\u00e5 en felaktig bokstavlig \u00f6vers\u00e4ttning av det svenska ordet sk\u00e4rg\u00e5rd. Den \u00f6vers\u00e4ttning av det svenska ordet sk\u00e4rg\u00e5rd som finns i vanliga tysk-svenska ordb\u00f6cker \u00e4r helt enkelt Sch\u00e4ren, respektive (Sch\u00e4ren)archipel.<\/p>\n<p><img loading=\"lazy\" decoding=\"async\" class=\" wp-image-36\" src=\"https:\/\/se.skarja.de\/wordpress\/wp-content\/uploads\/2025\/11\/P7130027-300x225.jpg\" alt=\"\" width=\"599\" height=\"449\" srcset=\"https:\/\/se.skarja.de\/wordpress\/wp-content\/uploads\/2025\/11\/P7130027-300x225.jpg 300w, https:\/\/se.skarja.de\/wordpress\/wp-content\/uploads\/2025\/11\/P7130027-1024x768.jpg 1024w, https:\/\/se.skarja.de\/wordpress\/wp-content\/uploads\/2025\/11\/P7130027-768x576.jpg 768w, https:\/\/se.skarja.de\/wordpress\/wp-content\/uploads\/2025\/11\/P7130027-1536x1152.jpg 1536w, https:\/\/se.skarja.de\/wordpress\/wp-content\/uploads\/2025\/11\/P7130027.jpg 1600w\" sizes=\"auto, (max-width: 599px) 100vw, 599px\" \/><\/p>\n<p>Det handlar om de m\u00e5nga tusentals \u00f6ar som ligger utspridda, ofta l\u00e5ngt ut i havet utanf\u00f6r den svenska kusten. Ett helt enkelt paradisiskt omr\u00e5de f\u00f6r att vistas i naturen.<\/p>\n<p>M\u00e5nga omr\u00e5den i sk\u00e4rg\u00e5rden \u00e4r naturskyddade och f\u00e5r inte f\u00f6r\u00e4ndras.<\/p>\n<p>Sk\u00e4rg\u00e5rden har ett rikt f\u00e5gelliv. M\u00e5nga m\u00e5sarter som gr\u00e5trut, skrattm\u00e5s och andra m\u00e5sarter, olika andarter, sk\u00e4ggdoppingar och t\u00e4rnkolonier.<br \/>\nP\u00e5 kala sm\u00e5\u00f6ar tr\u00e4ffar man ofta ejdrar, strandpipare och brandg\u00e4ss. \u00c4ven m\u00e4ktiga havs\u00f6rnar finns \u00e5terigen efter en l\u00e4ngre skyddsperiod. \u00c4ven andra djurarter, s\u00e5som knubbs\u00e4lar, har \u00e5terh\u00e4mtat sig kraftigt de senaste \u00e5ren.<br \/>\nNyligen tr\u00e4ffade vi till och med tv\u00e5 s\u00e4lar i hamnen i Ark\u00f6sund.<\/p>\n<p><img loading=\"lazy\" decoding=\"async\" class=\"alignnone wp-image-448\" src=\"https:\/\/se.skarja.de\/wordpress\/wp-content\/uploads\/2026\/01\/P1000992-300x200.jpg\" alt=\"\" width=\"599\" height=\"399\" srcset=\"https:\/\/se.skarja.de\/wordpress\/wp-content\/uploads\/2026\/01\/P1000992-300x200.jpg 300w, https:\/\/se.skarja.de\/wordpress\/wp-content\/uploads\/2026\/01\/P1000992-1024x684.jpg 1024w, https:\/\/se.skarja.de\/wordpress\/wp-content\/uploads\/2026\/01\/P1000992-768x513.jpg 768w, https:\/\/se.skarja.de\/wordpress\/wp-content\/uploads\/2026\/01\/P1000992.jpg 1100w\" sizes=\"auto, (max-width: 599px) 100vw, 599px\" \/><\/p>\n<p>Flora i sk\u00e4rg\u00e5rden \u00e4r mycket varierande. V\u00e4stra sk\u00e4rg\u00e5rden \u00e4r mycket karg p\u00e5 grund av den kraftiga avskogningen under de senaste \u00e5rhundradena, medan \u00f6stra sk\u00e4rg\u00e5rden mestadels best\u00e5r av tallskogar med inslag av n\u00e5gra f\u00e5 asp-, ek- och altr\u00e4d, samt enstaka bj\u00f6rkar.<\/p>\n<p>S\u00e4rskilda arter p\u00e5 de yttre sk\u00e4rarna \u00e4r suckulenter, vild pens\u00e9, gul mur\u00f6rt och tj\u00e4ra\u00f6rt. Ibland hittar man ocks\u00e5 st\u00f6rre orkid\u00e9kolonier, en speciell art \u00e4r \u201dAdam &amp; Eva\u201d, en orkid\u00e9 med ibland gula och ibland violetta blommor.<\/p>\n<p>Sverige har flera vidstr\u00e4ckta sk\u00e4rg\u00e5rdar som skiljer sig \u00e5t i karakt\u00e4r:<\/p>\n<p><strong>Stockholms sk\u00e4rg\u00e5rd:<\/strong> Med cirka 30 000 \u00f6ar \u00e4r den landets st\u00f6rsta. K\u00e4nda \u00f6ar som Vaxholm (\u201dhuvudstaden\u201d), Sandhamn och Grinda n\u00e5s enkelt med f\u00e4rja fr\u00e5n huvudstaden. Sedan 2025\/2026 erbjuder den nya Stockholm Archipelago Trail vandrare en 270 km l\u00e5ng vandringsled \u00f6ver 21 \u00f6ar.<br \/>\n<strong>V\u00e4stkusten (Bohusl\u00e4n &amp; G\u00f6teborg)<\/strong>: K\u00e4nd f\u00f6r karga, salta klippor och orter som Sm\u00f6gen, Fj\u00e4llbacka och nationalparken Kosterhavet. G\u00f6teborgs sk\u00e4rg\u00e5rd \u00e4r s\u00e4rskilt popul\u00e4r bland friluftsentusiaster f\u00f6r kajakpaddling.<br \/>\n<strong>Syd\u00f6stra kusten (Blekinge &amp; V\u00e4stervik)<\/strong>: Ett vackrare landskap med mycket skog och kultur, ofta kallat \u201dSveriges tr\u00e4dg\u00e5rd\u201d.<\/p>\n<p><strong>Aktiviteter och upplevelser<\/strong><\/p>\n<p>\u00d6hopping: Ett t\u00e4tt n\u00e4tverk av offentliga f\u00e4rjor g\u00f6r det enkelt att ta sig mellan bebodda och obebodda \u00f6ar.<br \/>\nUtomhussport: Kajakpaddling mellan sk\u00e4rg\u00e5rden, vandring p\u00e5 markerade kuststigar och cykling p\u00e5 st\u00f6rre, ofta bilfria \u00f6ar.<br \/>\nKultur &amp; kulinariska upplevelser: Bes\u00f6k historiska f\u00e4stningar (t.ex. Vaxholm) och njut av f\u00e4rska skaldjur i hamnst\u00e4derna.<\/p>\n<\/div>\n<div id=\"simple-translate\" class=\"simple-translate-system-theme\">\n<div>\n<div class=\"simple-translate-button isShow\" style=\"background-image: url('moz-extension:\/\/b413644e-e58a-4854-abfd-9ce915f3487f\/icons\/512.png'); height: 22px; width: 22px; top: 2886px; left: -23px;\"><\/div>\n<div class=\"simple-translate-panel \" style=\"width: 300px; height: 200px; top: 0px; left: 0px; font-size: 13px;\">\n<div class=\"simple-translate-result-wrapper\" style=\"overflow: hidden;\">\n<div class=\"simple-translate-move\" draggable=\"true\"><\/div>\n<div class=\"simple-translate-result-contents\">\n<p class=\"simple-translate-candidate\" dir=\"auto\">\n<\/div>\n<\/div>\n<\/div>\n<\/div>\n<\/div>\n","protected":false},"excerpt":{"rendered":"<p>Sk\u00e4rg\u00e5rden L\u00e4ngs den svenska kusten finns tiotusentals sk\u00e4r; bara den ber\u00f6mda Stockholms sk\u00e4rg\u00e5rd omfattar cirka 30 000 \u00f6ar, klippor och sk\u00e4r som str\u00e4cker sig ut i \u00d6stersj\u00f6n, men \u00e4ven omr\u00e5den som Bohusl\u00e4n p\u00e5 v\u00e4stkusten har \u00f6ver 8 000 \u00f6ar som bildar ett imponerande sk\u00e4rg\u00e5rdslandskap. En sk\u00e4r \u00e4r en liten \u00f6 som bildades under istiden, n\u00e4r &hellip; <\/p>\n<p class=\"link-more\"><a href=\"https:\/\/se.skarja.de\/wordpress\/index.php\/schaeren\/\" class=\"more-link\">Forts\u00e4tt l\u00e4sa<span class=\"screen-reader-text\"> \u201dSk\u00e4rg\u00e5rden\u201d<\/span><\/a><\/p>\n","protected":false},"author":1,"featured_media":0,"parent":0,"menu_order":0,"comment_status":"closed","ping_status":"closed","template":"","meta":{"footnotes":""},"class_list":["post-445","page","type-page","status-publish","hentry"],"_links":{"self":[{"href":"https:\/\/se.skarja.de\/wordpress\/index.php\/wp-json\/wp\/v2\/pages\/445","targetHints":{"allow":["GET"]}}],"collection":[{"href":"https:\/\/se.skarja.de\/wordpress\/index.php\/wp-json\/wp\/v2\/pages"}],"about":[{"href":"https:\/\/se.skarja.de\/wordpress\/index.php\/wp-json\/wp\/v2\/types\/page"}],"author":[{"embeddable":true,"href":"https:\/\/se.skarja.de\/wordpress\/index.php\/wp-json\/wp\/v2\/users\/1"}],"replies":[{"embeddable":true,"href":"https:\/\/se.skarja.de\/wordpress\/index.php\/wp-json\/wp\/v2\/comments?post=445"}],"version-history":[{"count":7,"href":"https:\/\/se.skarja.de\/wordpress\/index.php\/wp-json\/wp\/v2\/pages\/445\/revisions"}],"predecessor-version":[{"id":849,"href":"https:\/\/se.skarja.de\/wordpress\/index.php\/wp-json\/wp\/v2\/pages\/445\/revisions\/849"}],"wp:attachment":[{"href":"https:\/\/se.skarja.de\/wordpress\/index.php\/wp-json\/wp\/v2\/media?parent=445"}],"curies":[{"name":"wp","href":"https:\/\/api.w.org\/{rel}","templated":true}]}}