{"id":404,"date":"2025-12-29T17:43:25","date_gmt":"2025-12-29T17:43:25","guid":{"rendered":"https:\/\/skarja.de\/?page_id=404"},"modified":"2026-01-29T07:44:04","modified_gmt":"2026-01-29T07:44:04","slug":"impressum","status":"publish","type":"page","link":"https:\/\/se.skarja.de\/wordpress\/index.php\/impressum\/","title":{"rendered":"Impressum"},"content":{"rendered":"<p><strong>Impressum<\/strong><br \/>\nUppgifter enligt \u00a7 5 TMG:<\/p>\n<p>Peter Mayer<br \/>\nStuvarv\u00e4gen 3<br \/>\n87263 Lunde \/ Sverige<\/p>\n<p>Kontakt:<br \/>\nTelefon: 0046706578452<br \/>\nE-post: Klicka f\u00f6r kontakt<\/p>\n<p>&nbsp;<\/p>\n<p><strong>Ansvarsfriskrivning (Disclaimer)<\/strong><\/p>\n<p><strong>Ansvar f\u00f6r inneh\u00e5ll<\/strong><\/p>\n<p>Som tj\u00e4nsteleverant\u00f6r \u00e4r vi enligt \u00a7 7 Abs.1 TMG ansvariga f\u00f6r eget inneh\u00e5ll p\u00e5 dessa sidor enligt allm\u00e4n lag. Enligt \u00a7\u00a7 8 till 10 TMG \u00e4r vi som tj\u00e4nsteleverant\u00f6r dock inte skyldiga att \u00f6vervaka \u00f6verf\u00f6rd eller lagrad information fr\u00e5n tredje part eller att unders\u00f6ka omst\u00e4ndigheter som tyder p\u00e5 olaglig verksamhet. Skyldigheter att ta bort eller blockera anv\u00e4ndningen av information enligt allm\u00e4n lagstiftning p\u00e5verkas inte av detta. Ansvar i detta avseende \u00e4r dock f\u00f6rst m\u00f6jligt fr\u00e5n den tidpunkt d\u00e5 en konkret r\u00e4tts\u00f6vertr\u00e4delse blir k\u00e4nd. Om vi f\u00e5r k\u00e4nnedom om s\u00e5dana r\u00e4tts\u00f6vertr\u00e4delser kommer vi omedelbart att ta bort detta inneh\u00e5ll.<\/p>\n<p><strong>Ansvar f\u00f6r l\u00e4nkar<\/strong><\/p>\n<p>V\u00e5rt erbjudande inneh\u00e5ller l\u00e4nkar till externa webbplatser fr\u00e5n tredje part, vars inneh\u00e5ll vi inte har n\u00e5gon kontroll \u00f6ver. D\u00e4rf\u00f6r kan vi inte ta n\u00e5got ansvar f\u00f6r detta fr\u00e4mmande inneh\u00e5ll. F\u00f6r inneh\u00e5llet p\u00e5 de l\u00e4nkade sidorna \u00e4r alltid respektive leverant\u00f6r eller operat\u00f6r av sidorna ansvarig. De l\u00e4nkade sidorna kontrollerades vid tidpunkten f\u00f6r l\u00e4nkningen med avseende p\u00e5 eventuella r\u00e4ttsliga \u00f6vertr\u00e4delser. Olagligt inneh\u00e5ll kunde inte konstateras vid tidpunkten f\u00f6r l\u00e4nkningen. En permanent kontroll av inneh\u00e5llet p\u00e5 de l\u00e4nkade sidorna \u00e4r dock inte rimlig utan konkreta indikationer p\u00e5 en r\u00e4ttslig \u00f6vertr\u00e4delse. Om vi f\u00e5r k\u00e4nnedom om lag\u00f6vertr\u00e4delser kommer vi omedelbart att ta bort s\u00e5dana l\u00e4nkar.<\/p>\n<p><strong>Upphovsr\u00e4tt<\/strong><\/p>\n<p>Inneh\u00e5llet och verken p\u00e5 dessa sidor som skapats av sidans operat\u00f6r omfattas av tysk upphovsr\u00e4tt. Kopiering, bearbetning, spridning och alla former av utnyttjande utanf\u00f6r upphovsr\u00e4ttens gr\u00e4nser kr\u00e4ver skriftligt medgivande fr\u00e5n respektive f\u00f6rfattare eller skapare. Nedladdningar och kopior av denna sida \u00e4r endast till\u00e5tna f\u00f6r privat, icke-kommersiellt bruk. I den m\u00e5n inneh\u00e5llet p\u00e5 denna sida inte har skapats av operat\u00f6ren, respekteras tredje parts upphovsr\u00e4tt. I synnerhet markeras inneh\u00e5ll fr\u00e5n tredje part som s\u00e5dant. Om du \u00e4nd\u00e5 uppm\u00e4rksammar en upphovsr\u00e4ttsintr\u00e5ng, ber vi dig att meddela oss detta. Om vi f\u00e5r k\u00e4nnedom om r\u00e4ttsintr\u00e5ng kommer vi omedelbart att ta bort s\u00e5dant inneh\u00e5ll.<\/p>\n<p>&nbsp;<\/p>\n<p><strong>Sekretesspolicy:<\/strong><\/p>\n<p>Dataskydd<\/p>\n<p>Anv\u00e4ndningen av v\u00e5r webbplats \u00e4r i regel m\u00f6jlig utan att ange personuppgifter. I den m\u00e5n personuppgifter (t.ex. namn, adress eller e-postadresser) samlas in p\u00e5 v\u00e5ra sidor sker detta, s\u00e5 l\u00e5ngt det \u00e4r m\u00f6jligt, alltid p\u00e5 frivillig basis. Dessa uppgifter kommer inte att vidarebefordras till tredje part utan ditt uttryckliga medgivande.<\/p>\n<p>Vi vill p\u00e5peka att data\u00f6verf\u00f6ring via internet (t.ex. vid kommunikation via e-post) kan inneb\u00e4ra s\u00e4kerhetsrisker. Det \u00e4r inte m\u00f6jligt att helt skydda data fr\u00e5n \u00e5tkomst av tredje part.<\/p>\n<p>Vi mots\u00e4tter oss h\u00e4rmed uttryckligen att kontaktuppgifter som publiceras inom ramen f\u00f6r skyldigheten att ange impressum anv\u00e4nds av tredje part f\u00f6r att skicka reklam och informationsmaterial som inte uttryckligen har beg\u00e4rts. \u00c4garna av webbplatserna f\u00f6rbeh\u00e5ller sig uttryckligen r\u00e4tten att vidta r\u00e4ttsliga \u00e5tg\u00e4rder i h\u00e4ndelse av o\u00f6nskad reklam, till exempel via skr\u00e4ppost.<\/p>\n","protected":false},"excerpt":{"rendered":"<p>Impressum Uppgifter enligt \u00a7 5 TMG: Peter Mayer Stuvarv\u00e4gen 3 87263 Lunde \/ Sverige Kontakt: Telefon: 0046706578452 E-post: Klicka f\u00f6r kontakt &nbsp; Ansvarsfriskrivning (Disclaimer) Ansvar f\u00f6r inneh\u00e5ll Som tj\u00e4nsteleverant\u00f6r \u00e4r vi enligt \u00a7 7 Abs.1 TMG ansvariga f\u00f6r eget inneh\u00e5ll p\u00e5 dessa sidor enligt allm\u00e4n lag. Enligt \u00a7\u00a7 8 till 10 TMG \u00e4r vi som &hellip; <\/p>\n<p class=\"link-more\"><a href=\"https:\/\/se.skarja.de\/wordpress\/index.php\/impressum\/\" class=\"more-link\">Forts\u00e4tt l\u00e4sa<span class=\"screen-reader-text\"> \u201dImpressum\u201d<\/span><\/a><\/p>\n","protected":false},"author":1,"featured_media":337,"parent":0,"menu_order":0,"comment_status":"closed","ping_status":"closed","template":"","meta":{"footnotes":""},"class_list":["post-404","page","type-page","status-publish","has-post-thumbnail","hentry"],"_links":{"self":[{"href":"https:\/\/se.skarja.de\/wordpress\/index.php\/wp-json\/wp\/v2\/pages\/404","targetHints":{"allow":["GET"]}}],"collection":[{"href":"https:\/\/se.skarja.de\/wordpress\/index.php\/wp-json\/wp\/v2\/pages"}],"about":[{"href":"https:\/\/se.skarja.de\/wordpress\/index.php\/wp-json\/wp\/v2\/types\/page"}],"author":[{"embeddable":true,"href":"https:\/\/se.skarja.de\/wordpress\/index.php\/wp-json\/wp\/v2\/users\/1"}],"replies":[{"embeddable":true,"href":"https:\/\/se.skarja.de\/wordpress\/index.php\/wp-json\/wp\/v2\/comments?post=404"}],"version-history":[{"count":4,"href":"https:\/\/se.skarja.de\/wordpress\/index.php\/wp-json\/wp\/v2\/pages\/404\/revisions"}],"predecessor-version":[{"id":830,"href":"https:\/\/se.skarja.de\/wordpress\/index.php\/wp-json\/wp\/v2\/pages\/404\/revisions\/830"}],"wp:featuredmedia":[{"embeddable":true,"href":"https:\/\/se.skarja.de\/wordpress\/index.php\/wp-json\/wp\/v2\/media\/337"}],"wp:attachment":[{"href":"https:\/\/se.skarja.de\/wordpress\/index.php\/wp-json\/wp\/v2\/media?parent=404"}],"curies":[{"name":"wp","href":"https:\/\/api.w.org\/{rel}","templated":true}]}}