{"id":353,"date":"2025-12-29T16:40:05","date_gmt":"2025-12-29T16:40:05","guid":{"rendered":"https:\/\/skarja.de\/?page_id=353"},"modified":"2026-01-27T16:03:05","modified_gmt":"2026-01-27T16:03:05","slug":"ausruestung","status":"publish","type":"page","link":"https:\/\/se.skarja.de\/wordpress\/index.php\/ausruestung\/","title":{"rendered":"Utrustning"},"content":{"rendered":"<h4><\/h4>\n<p>N\u00e4r det g\u00e4ller utrustning finns det o\u00e4ndligt m\u00e5nga m\u00f6jligheter.<br \/>\nBeroende p\u00e5 vad man tycker \u00e4r viktigt \u2013 kanske att vandra s\u00e4rskilt l\u00e4tt, s\u00e4rskilt s\u00e4kert, vissa gillar att g\u00e5 barfota, andra i tunga st\u00f6vlar.<br \/>\nJag syftar h\u00e4r p\u00e5 utrustning f\u00f6r vinterturer.<br \/>\nOch p\u00e5 det som jag tycker \u00e4r viktigt.<\/p>\n<p>Sovs\u00e4ck:<\/p>\n<p>H\u00e4r \u00e4r dun absolut en f\u00f6rdel. En bra, tjock dunsovs\u00e4ck med ordentligt med dun och helst ett vattenavvisande \u00f6verdrag. Andningen fryser ofta p\u00e5 t\u00e4ltets innerv\u00e4ggar och d\u00e5 kan det h\u00e4nda att det bildas is INNE i t\u00e4ltet. Viktigt \u00e4ven om man t\u00e4ltar under l\u00e4ngre tid, dvs. mer \u00e4n cirka 3 dagar i rad vid l\u00e5ga temperaturer \u2013 en vattent\u00e4t innerp\u00e5se, en s\u00e5 kallad Vapor-Barrier-Liner (VBL). Den ser till att ingen svett fuktar dun- eller syntetfiber-sovs\u00e4cken.<\/p>\n<p>Ocks\u00e5 viktigt \u2013 en tjockare underlagsmadrass, t.ex. 1,5 cm Evazote \u2013 uppbl\u00e5sbara madrasser \u00e4r ocks\u00e5 popul\u00e4ra, men jag har haft d\u00e5liga erfarenheter av dem. N\u00e4r de tappar luft blir det kallt mot ryggen. Jag f\u00f6redrar en p\u00e4lsmatta ut\u00f6ver Evazote-madrassen.<\/p>\n<p>T\u00e4lt:<\/p>\n<p>H\u00e4r g\u00e5r smakerna is\u00e4r, jag f\u00f6redrar i f\u00f6rsta hand stabila t\u00e4lt av h\u00f6g kvalitet, om det \u00e4r tunnel- eller kupolt\u00e4lt spelar ingen st\u00f6rre roll. Man b\u00f6r se till att det finns tillr\u00e4ckligt med utrymme f\u00f6r att kunna laga mat i t\u00e4ltet om det beh\u00f6vs! Det g\u00e5r bra genom att man skapar en l\u00e4mplig f\u00f6rt\u00e4lt.<\/p>\n<p>&nbsp;<\/p>\n<p>K\u00f6k:<\/p>\n<p>Som man kan se p\u00e5 bilden ovan \u2013 \u00e4ven en n\u00e5got robustare modell. Helst utan plastdelar, och helst med petroleum som br\u00e4nsle, eftersom bensin \u00e4r f\u00f6r l\u00e4ttant\u00e4ndligt f\u00f6r att laga mat i t\u00e4ltets absid. Men det \u00e4r min \u00e5sikt, det finns ocks\u00e5 andra.<br \/>\nMin favorit f\u00f6r vintern \u00e4r en gammal Optimus Hiker 111T fr\u00e5n milit\u00e4ra lager.<\/p>\n<p>Kl\u00e4der:<\/p>\n<p>Som underkl\u00e4der \u2013 merinoull. L\u00e4tta T-shirts i ull, liksom strumpor och tunna handskar.<\/p>\n<p>\u00d6ver det helst \u201dUllfrott\u00e9\u201d, en konstgjord ullblandning som h\u00e5ller mycket varmt men \u00e4nd\u00e5 \u00e4r luftig.<\/p>\n<p>\u00d6ver detta kommer skalet \u2013 vanliga vandringskl\u00e4der av Gore och annat Tex \u2013 jag gillar fortfarande de gamla norska anorakerna och skidbyxorna av bomull.<\/p>\n<p>F\u00f6r pauser och p\u00e5 kv\u00e4llen: dunjacka, dunfotsv\u00e4rmare och extra tjocka handskar. Det \u00e4r helt enkelt trevligare n\u00e4r man kan sitta ute l\u00e4ngre utan att frysa.<\/p>\n<p>Dessutom tunna l\u00e4derhandskar f\u00f6r matlagning, viktigt \u00e4r solglas\u00f6gon, skidglas\u00f6gon och en stormm\u00f6ssa, som man eventuellt ocks\u00e5 kan anv\u00e4nda f\u00f6r att sova. Jag har oftast flera med mig (\u00e4ven av ullfrott\u00e9).<\/p>\n<p>&nbsp;<\/p>\n<p>Skidutrustning:<\/p>\n<p>H\u00e4r finns ett brett utbud av s\u00e5 kallade backcountry-skidor.<\/p>\n<p>Viktigt \u2013 stabila, stora! Skor som man kan dra p\u00e5 sig ett extra par strumpor i. Samt skidor med st\u00e5lkant, det \u00e4r helt enkelt bekv\u00e4mare i branta backar.<\/p>\n<p>Pulka: en \u201dsl\u00e4de\u201d d\u00e4r man kan packa sin utrustning och som man mer eller mindre bekv\u00e4mt drar efter sig.<\/p>\n<p>&nbsp;<\/p>\n","protected":false},"excerpt":{"rendered":"<p>N\u00e4r det g\u00e4ller utrustning finns det o\u00e4ndligt m\u00e5nga m\u00f6jligheter. Beroende p\u00e5 vad man tycker \u00e4r viktigt \u2013 kanske att vandra s\u00e4rskilt l\u00e4tt, s\u00e4rskilt s\u00e4kert, vissa gillar att g\u00e5 barfota, andra i tunga st\u00f6vlar. Jag syftar h\u00e4r p\u00e5 utrustning f\u00f6r vinterturer. Och p\u00e5 det som jag tycker \u00e4r viktigt. Sovs\u00e4ck: H\u00e4r \u00e4r dun absolut en f\u00f6rdel. &hellip; <\/p>\n<p class=\"link-more\"><a href=\"https:\/\/se.skarja.de\/wordpress\/index.php\/ausruestung\/\" class=\"more-link\">Forts\u00e4tt l\u00e4sa<span class=\"screen-reader-text\"> \u201dUtrustning\u201d<\/span><\/a><\/p>\n","protected":false},"author":1,"featured_media":426,"parent":0,"menu_order":0,"comment_status":"closed","ping_status":"closed","template":"","meta":{"footnotes":""},"class_list":["post-353","page","type-page","status-publish","has-post-thumbnail","hentry"],"_links":{"self":[{"href":"https:\/\/se.skarja.de\/wordpress\/index.php\/wp-json\/wp\/v2\/pages\/353","targetHints":{"allow":["GET"]}}],"collection":[{"href":"https:\/\/se.skarja.de\/wordpress\/index.php\/wp-json\/wp\/v2\/pages"}],"about":[{"href":"https:\/\/se.skarja.de\/wordpress\/index.php\/wp-json\/wp\/v2\/types\/page"}],"author":[{"embeddable":true,"href":"https:\/\/se.skarja.de\/wordpress\/index.php\/wp-json\/wp\/v2\/users\/1"}],"replies":[{"embeddable":true,"href":"https:\/\/se.skarja.de\/wordpress\/index.php\/wp-json\/wp\/v2\/comments?post=353"}],"version-history":[{"count":7,"href":"https:\/\/se.skarja.de\/wordpress\/index.php\/wp-json\/wp\/v2\/pages\/353\/revisions"}],"predecessor-version":[{"id":823,"href":"https:\/\/se.skarja.de\/wordpress\/index.php\/wp-json\/wp\/v2\/pages\/353\/revisions\/823"}],"wp:featuredmedia":[{"embeddable":true,"href":"https:\/\/se.skarja.de\/wordpress\/index.php\/wp-json\/wp\/v2\/media\/426"}],"wp:attachment":[{"href":"https:\/\/se.skarja.de\/wordpress\/index.php\/wp-json\/wp\/v2\/media?parent=353"}],"curies":[{"name":"wp","href":"https:\/\/api.w.org\/{rel}","templated":true}]}}