{"id":347,"date":"2025-12-29T16:37:52","date_gmt":"2025-12-29T16:37:52","guid":{"rendered":"https:\/\/skarja.de\/?page_id=347"},"modified":"2026-02-01T08:16:10","modified_gmt":"2026-02-01T08:16:10","slug":"wandern","status":"publish","type":"page","link":"https:\/\/se.skarja.de\/wordpress\/index.php\/wandern\/","title":{"rendered":"Vandring"},"content":{"rendered":"<div class=\"item-page\">\n<p>L\u00e5ngvandring \u00e4r en vandringstur som str\u00e4cker sig \u00f6ver l\u00e4ngre str\u00e4ckor och d\u00e4r man \u00e4r ute i flera dagar. Man talar om l\u00e5ngdistansvandring i speciella fall n\u00e4r man inte har f\u00f6r avsikt att \u00e5terv\u00e4nda till utg\u00e5ngspunkten under turen. Trekking \u00e4r l\u00e5ngvandring utanf\u00f6r markerade rutter.<\/p>\n<p><img loading=\"lazy\" decoding=\"async\" class=\"alignnone wp-image-712\" src=\"https:\/\/se.skarja.de\/wordpress\/wp-content\/uploads\/2026\/01\/DSC_0175-300x199.jpg\" alt=\"\" width=\"605\" height=\"401\" srcset=\"https:\/\/se.skarja.de\/wordpress\/wp-content\/uploads\/2026\/01\/DSC_0175-300x199.jpg 300w, https:\/\/se.skarja.de\/wordpress\/wp-content\/uploads\/2026\/01\/DSC_0175-768x510.jpg 768w, https:\/\/se.skarja.de\/wordpress\/wp-content\/uploads\/2026\/01\/DSC_0175.jpg 900w\" sizes=\"auto, (max-width: 605px) 100vw, 605px\" \/><\/p>\n<p>Inom ungdomsr\u00f6relsen och scouterna kallas vandring med t\u00e4lt oftast f\u00f6r att \u00e5ka p\u00e5 resa. Resorna varar oftast fr\u00e5n en helg till tre veckor.<\/p>\n<p>L\u00e5ngvandring som en del av bergssporten \u00f6verv\u00e4gdes redan 1912 av Du\u00d6AV-sekreteraren Josef Moriggl, som \u00e4gnade sig \u00e5t vandring fr\u00e5n stuga till stuga. Alpina f\u00f6rfattaren E. Benesch beskrev 1932 tre l\u00e5ngvandringsleder i Alperna. Under 1960- och 70-talen uppstod allt fler markerade leder, delvis ocks\u00e5 f\u00f6r att man ins\u00e5g den ekonomiska aspekten av l\u00e5ngvandring \u2013 l\u00e5ngvandraren \u00e4r bunden till de lokala resurserna. Under denna tid grundades ocks\u00e5 de f\u00f6rsta \u00f6verregionala f\u00f6reningarna. Fr\u00e5n 1969 fanns planer p\u00e5 att g\u00f6ra l\u00e5ngvandring i Europa attraktivt genom l\u00e4mpliga rutter. Parallellt utvecklades vildmarksr\u00f6relsen i Nordamerika, som utgick fr\u00e5n naturreservaten och ledde till liknande l\u00e5ngvandringsleder (eng. trail). L\u00e5ngvandring som fritidsaktivitet blir ett v\u00e4rldsomsp\u00e4nnande fenomen fr\u00e5n den tid d\u00e5 de \u201dexotiska\u201d bergskedjorna som Himalaya och Anderna \u00f6ppnas upp f\u00f6r en bred l\u00e5ngdistans-turism som g\u00e5r ut\u00f6ver expeditioner.<\/p>\n<p><img loading=\"lazy\" decoding=\"async\" class=\"alignnone wp-image-351\" src=\"https:\/\/se.skarja.de\/wordpress\/wp-content\/uploads\/2025\/12\/MG_0110-300x200.jpg\" alt=\"\" width=\"601\" height=\"400\" srcset=\"https:\/\/se.skarja.de\/wordpress\/wp-content\/uploads\/2025\/12\/MG_0110-300x200.jpg 300w, https:\/\/se.skarja.de\/wordpress\/wp-content\/uploads\/2025\/12\/MG_0110-768x512.jpg 768w, https:\/\/se.skarja.de\/wordpress\/wp-content\/uploads\/2025\/12\/MG_0110.jpg 960w\" sizes=\"auto, (max-width: 601px) 100vw, 601px\" \/><\/p>\n<p>Min typ av vandring \u00e4r helt klart upplevelseorienterad. Det inneb\u00e4r att jag g\u00e5r l\u00e5nga str\u00e4ckor med m\u00e5nga pauser, d\u00e4r observation och upplevelse av naturen och landskapet st\u00e5r i f\u00f6rsta rummet.<\/p>\n<p>Jag \u00e4r inte s\u00e4rskilt f\u00f6rtjust i att springa snabbt fr\u00e5n A till B. Skandinaviens landskap \u00e4r alldeles f\u00f6r vackert f\u00f6r det&#8230;<\/p>\n<p>&nbsp;<\/p>\n<p>En rapport:<\/p>\n<p><span style=\"color: #0000ff;\"><a style=\"color: #0000ff;\" href=\"https:\/\/se.skarja.de\/wordpress\/index.php\/stinksockentour\/\">Den illaluktande strumpornaksturen<\/a><\/span><\/p>\n<\/div>\n<p>&nbsp;<\/p>\n","protected":false},"excerpt":{"rendered":"<p>L\u00e5ngvandring \u00e4r en vandringstur som str\u00e4cker sig \u00f6ver l\u00e4ngre str\u00e4ckor och d\u00e4r man \u00e4r ute i flera dagar. Man talar om l\u00e5ngdistansvandring i speciella fall n\u00e4r man inte har f\u00f6r avsikt att \u00e5terv\u00e4nda till utg\u00e5ngspunkten under turen. Trekking \u00e4r l\u00e5ngvandring utanf\u00f6r markerade rutter. Inom ungdomsr\u00f6relsen och scouterna kallas vandring med t\u00e4lt oftast f\u00f6r att \u00e5ka &hellip; <\/p>\n<p class=\"link-more\"><a href=\"https:\/\/se.skarja.de\/wordpress\/index.php\/wandern\/\" class=\"more-link\">Forts\u00e4tt l\u00e4sa<span class=\"screen-reader-text\"> \u201dVandring\u201d<\/span><\/a><\/p>\n","protected":false},"author":1,"featured_media":335,"parent":0,"menu_order":0,"comment_status":"closed","ping_status":"closed","template":"","meta":{"footnotes":""},"class_list":["post-347","page","type-page","status-publish","has-post-thumbnail","hentry"],"_links":{"self":[{"href":"https:\/\/se.skarja.de\/wordpress\/index.php\/wp-json\/wp\/v2\/pages\/347","targetHints":{"allow":["GET"]}}],"collection":[{"href":"https:\/\/se.skarja.de\/wordpress\/index.php\/wp-json\/wp\/v2\/pages"}],"about":[{"href":"https:\/\/se.skarja.de\/wordpress\/index.php\/wp-json\/wp\/v2\/types\/page"}],"author":[{"embeddable":true,"href":"https:\/\/se.skarja.de\/wordpress\/index.php\/wp-json\/wp\/v2\/users\/1"}],"replies":[{"embeddable":true,"href":"https:\/\/se.skarja.de\/wordpress\/index.php\/wp-json\/wp\/v2\/comments?post=347"}],"version-history":[{"count":9,"href":"https:\/\/se.skarja.de\/wordpress\/index.php\/wp-json\/wp\/v2\/pages\/347\/revisions"}],"predecessor-version":[{"id":840,"href":"https:\/\/se.skarja.de\/wordpress\/index.php\/wp-json\/wp\/v2\/pages\/347\/revisions\/840"}],"wp:featuredmedia":[{"embeddable":true,"href":"https:\/\/se.skarja.de\/wordpress\/index.php\/wp-json\/wp\/v2\/media\/335"}],"wp:attachment":[{"href":"https:\/\/se.skarja.de\/wordpress\/index.php\/wp-json\/wp\/v2\/media?parent=347"}],"curies":[{"name":"wp","href":"https:\/\/api.w.org\/{rel}","templated":true}]}}