{"id":269,"date":"2025-12-29T15:55:51","date_gmt":"2025-12-29T15:55:51","guid":{"rendered":"https:\/\/skarja.de\/?page_id=269"},"modified":"2026-02-01T08:21:13","modified_gmt":"2026-02-01T08:21:13","slug":"winterwandern","status":"publish","type":"page","link":"https:\/\/se.skarja.de\/wordpress\/index.php\/winterwandern\/","title":{"rendered":"Vintertourer"},"content":{"rendered":"<div class=\"item-page\">\n<div id=\"content\">\n<div id=\"colmain\">\n<div class=\"item-page\">\n<p>Under m\u00e5nga \u00e5r har jag bara varit ute i Lapplands fj\u00e4ll under sommaren och h\u00f6sten.<\/p>\n<p>Men s\u00e5 sm\u00e5ningom v\u00e4ckte artiklarna i de svenska friluftsmagazinen min \u00f6nskan att prova p\u00e5 en vintertur. Och det blev f\u00f6rst\u00e5s inte bara vid det. Jag skaffade mig l\u00e4mplig utrustning och nu ger jag mig ut i fj\u00e4llen p\u00e5 skidor och med pulka \u00e4ven p\u00e5 vintern.<\/p>\n<p><img loading=\"lazy\" decoding=\"async\" class=\"alignnone  wp-image-677\" src=\"https:\/\/se.skarja.de\/wordpress\/wp-content\/uploads\/2026\/01\/DSCF0160-300x169.jpg\" alt=\"\" width=\"609\" height=\"343\" srcset=\"https:\/\/se.skarja.de\/wordpress\/wp-content\/uploads\/2026\/01\/DSCF0160-300x169.jpg 300w, https:\/\/se.skarja.de\/wordpress\/wp-content\/uploads\/2026\/01\/DSCF0160-1024x575.jpg 1024w, https:\/\/se.skarja.de\/wordpress\/wp-content\/uploads\/2026\/01\/DSCF0160-768x432.jpg 768w, https:\/\/se.skarja.de\/wordpress\/wp-content\/uploads\/2026\/01\/DSCF0160-1536x863.jpg 1536w, https:\/\/se.skarja.de\/wordpress\/wp-content\/uploads\/2026\/01\/DSCF0160-2048x1151.jpg 2048w\" sizes=\"auto, (max-width: 609px) 100vw, 609px\" \/><\/p>\n<p>Vintersarek<\/p>\n<p>Vad kan vara sk\u00f6nare \u00e4n att g\u00e5 i den absoluta tystnaden i det vita landskapet, dra bagaget efter sig p\u00e5 en pulka och njuta av vinterens ensamhet.<\/p>\n<p>Men det beh\u00f6ver inte alltid vara ensamt, och en trevlig kv\u00e4ll i en norsk eller svensk fj\u00e4llstuga h\u00f6r ocks\u00e5 till.<\/p>\n<p>Liksom sn\u00f6h\u00f6naernas kacklande n\u00e4r man ligger i t\u00e4ltet och egentligen vill sova.<\/p>\n<p>Vinterfj\u00e4llen<\/p>\n<p><img loading=\"lazy\" decoding=\"async\" class=\"alignnone  wp-image-680\" src=\"https:\/\/se.skarja.de\/wordpress\/wp-content\/uploads\/2026\/01\/cropped-DSCF0122-scaled-1-300x180.jpg\" alt=\"\" width=\"602\" height=\"361\" srcset=\"https:\/\/se.skarja.de\/wordpress\/wp-content\/uploads\/2026\/01\/cropped-DSCF0122-scaled-1-300x180.jpg 300w, https:\/\/se.skarja.de\/wordpress\/wp-content\/uploads\/2026\/01\/cropped-DSCF0122-scaled-1-1024x615.jpg 1024w, https:\/\/se.skarja.de\/wordpress\/wp-content\/uploads\/2026\/01\/cropped-DSCF0122-scaled-1-768x461.jpg 768w, https:\/\/se.skarja.de\/wordpress\/wp-content\/uploads\/2026\/01\/cropped-DSCF0122-scaled-1-1536x922.jpg 1536w, https:\/\/se.skarja.de\/wordpress\/wp-content\/uploads\/2026\/01\/cropped-DSCF0122-scaled-1.jpg 2000w\" sizes=\"auto, (max-width: 602px) 100vw, 602px\" \/><\/p>\n<p>Vinterfj\u00e4llen \u00e4r ett helt speciellt landskap.<\/p>\n<p>Sn\u00f6n och vinden j\u00e4mnar ut oj\u00e4mnheterna, floder \u00e4r ofta inte l\u00e4ngre igenk\u00e4nnliga som s\u00e5dana och sj\u00f6ar utg\u00f6r inte l\u00e4ngre n\u00e5gra stora hinder \u2013 de \u00e4r oftast tjockt frusna.<br \/>\nLandskapets vidstr\u00e4ckthet \u00e4r otrolig p\u00e5 vintern, och man k\u00e4nner hur liten man egentligen \u00e4r.<\/p>\n<p><img loading=\"lazy\" decoding=\"async\" class=\"alignnone  wp-image-678\" src=\"https:\/\/se.skarja.de\/wordpress\/wp-content\/uploads\/2026\/01\/P1050093-300x225.jpg\" alt=\"\" width=\"599\" height=\"449\" srcset=\"https:\/\/se.skarja.de\/wordpress\/wp-content\/uploads\/2026\/01\/P1050093-300x225.jpg 300w, https:\/\/se.skarja.de\/wordpress\/wp-content\/uploads\/2026\/01\/P1050093-1024x769.jpg 1024w, https:\/\/se.skarja.de\/wordpress\/wp-content\/uploads\/2026\/01\/P1050093-768x577.jpg 768w, https:\/\/se.skarja.de\/wordpress\/wp-content\/uploads\/2026\/01\/P1050093-1536x1153.jpg 1536w, https:\/\/se.skarja.de\/wordpress\/wp-content\/uploads\/2026\/01\/P1050093-2048x1538.jpg 2048w\" sizes=\"auto, (max-width: 599px) 100vw, 599px\" \/><\/p>\n<p>Ensamhet<\/p>\n<p>Och det speciella med det lappl\u00e4ndska fj\u00e4llet \u2013 norrskenet. \u00c4ven om man m\u00e5ste titta ofta f\u00f6r att inte missa det n\u00e4r man sover. Det \u00e4r i alla fall v\u00e4rt det.<\/p>\n<p>&nbsp;<\/p>\n<figure id=\"attachment_35\" aria-describedby=\"caption-attachment-35\" style=\"width: 599px\" class=\"wp-caption alignnone\"><img loading=\"lazy\" decoding=\"async\" class=\" wp-image-35\" src=\"https:\/\/se.skarja.de\/wordpress\/wp-content\/uploads\/2025\/11\/P3250150-300x200.jpg\" alt=\"\" width=\"599\" height=\"399\" srcset=\"https:\/\/se.skarja.de\/wordpress\/wp-content\/uploads\/2025\/11\/P3250150-300x200.jpg 300w, https:\/\/se.skarja.de\/wordpress\/wp-content\/uploads\/2025\/11\/P3250150-1024x683.jpg 1024w, https:\/\/se.skarja.de\/wordpress\/wp-content\/uploads\/2025\/11\/P3250150-768x512.jpg 768w, https:\/\/se.skarja.de\/wordpress\/wp-content\/uploads\/2025\/11\/P3250150-1536x1024.jpg 1536w, https:\/\/se.skarja.de\/wordpress\/wp-content\/uploads\/2025\/11\/P3250150.jpg 1800w\" sizes=\"auto, (max-width: 599px) 100vw, 599px\" \/><figcaption id=\"caption-attachment-35\" class=\"wp-caption-text\">OLYMPUS DIGITAL CAMERA<\/figcaption><\/figure>\n<p>I grund och botten \u00e4r det l\u00e4ttare att utforska vinterfj\u00e4llen \u00e4n att vandra p\u00e5 sommaren eller h\u00f6sten, f\u00f6rutsatt att man har r\u00e4tt utrustning, \u00e4r f\u00f6rberedd p\u00e5 kylan och f\u00f6ljer n\u00e5gra s\u00e4kerhetsregler.<\/p>\n<p>Visst \u00e4r det kallt. Och vem s\u00e4ger att det bara \u00e4r en vanesak \u2013 det kan vara s\u00e5, men n\u00e4r det verkligen \u00e4r -30 grader \u00e4r det \u00e4nd\u00e5 roligare om handskarna \u00e4r lite tjockare, sovs\u00e4cken tillr\u00e4ckligt varm och sn\u00f6skopan s\u00e5 stabil att den inte g\u00e5r s\u00f6nder direkt n\u00e4r man gr\u00e4ver i h\u00e5rd sn\u00f6.<\/p>\n<p>&nbsp;<\/p>\n<p><a href=\"https:\/\/se.skarja.de\/wordpress\/index.php\/winterwandern\/sicherheit-im-winter\/\"><strong>S\u00e4kerhetstips<\/strong><\/a><\/p>\n<\/div>\n<\/div>\n<\/div>\n<p>&nbsp;<\/p>\n<\/div>\n","protected":false},"excerpt":{"rendered":"<p>Under m\u00e5nga \u00e5r har jag bara varit ute i Lapplands fj\u00e4ll under sommaren och h\u00f6sten. Men s\u00e5 sm\u00e5ningom v\u00e4ckte artiklarna i de svenska friluftsmagazinen min \u00f6nskan att prova p\u00e5 en vintertur. Och det blev f\u00f6rst\u00e5s inte bara vid det. Jag skaffade mig l\u00e4mplig utrustning och nu ger jag mig ut i fj\u00e4llen p\u00e5 skidor och &hellip; <\/p>\n<p class=\"link-more\"><a href=\"https:\/\/se.skarja.de\/wordpress\/index.php\/winterwandern\/\" class=\"more-link\">Forts\u00e4tt l\u00e4sa<span class=\"screen-reader-text\"> \u201dVintertourer\u201d<\/span><\/a><\/p>\n","protected":false},"author":1,"featured_media":336,"parent":0,"menu_order":0,"comment_status":"closed","ping_status":"closed","template":"","meta":{"footnotes":""},"class_list":["post-269","page","type-page","status-publish","has-post-thumbnail","hentry"],"_links":{"self":[{"href":"https:\/\/se.skarja.de\/wordpress\/index.php\/wp-json\/wp\/v2\/pages\/269","targetHints":{"allow":["GET"]}}],"collection":[{"href":"https:\/\/se.skarja.de\/wordpress\/index.php\/wp-json\/wp\/v2\/pages"}],"about":[{"href":"https:\/\/se.skarja.de\/wordpress\/index.php\/wp-json\/wp\/v2\/types\/page"}],"author":[{"embeddable":true,"href":"https:\/\/se.skarja.de\/wordpress\/index.php\/wp-json\/wp\/v2\/users\/1"}],"replies":[{"embeddable":true,"href":"https:\/\/se.skarja.de\/wordpress\/index.php\/wp-json\/wp\/v2\/comments?post=269"}],"version-history":[{"count":8,"href":"https:\/\/se.skarja.de\/wordpress\/index.php\/wp-json\/wp\/v2\/pages\/269\/revisions"}],"predecessor-version":[{"id":271,"href":"https:\/\/se.skarja.de\/wordpress\/index.php\/wp-json\/wp\/v2\/pages\/269\/revisions\/271"}],"wp:featuredmedia":[{"embeddable":true,"href":"https:\/\/se.skarja.de\/wordpress\/index.php\/wp-json\/wp\/v2\/media\/336"}],"wp:attachment":[{"href":"https:\/\/se.skarja.de\/wordpress\/index.php\/wp-json\/wp\/v2\/media?parent=269"}],"curies":[{"name":"wp","href":"https:\/\/api.w.org\/{rel}","templated":true}]}}