{"id":10,"date":"2025-11-23T18:08:25","date_gmt":"2025-11-23T18:08:25","guid":{"rendered":"https:\/\/skarja.de\/?page_id=10"},"modified":"2026-01-31T09:31:57","modified_gmt":"2026-01-31T09:31:57","slug":"ueber","status":"publish","type":"page","link":"https:\/\/se.skarja.de\/wordpress\/index.php\/startseite-2\/ueber\/","title":{"rendered":"Regionen"},"content":{"rendered":"\r\n<p>H\u00e4r \u00e4r lite information om nationalparkerna och de \u00f6vriga regionerna d\u00e4r jag r\u00f6r mig.<br \/><br \/><strong>Sarek Nationalpark <\/strong><a href=\"https:\/\/se.skarja.de\/wordpress\/index.php\/sarek-nationalpark\/\"><span style=\"color: #0000ff;\">(Beskrivning)<\/span><\/a><\/p>\r\n<p>Sarek \u00e4r ett utpr\u00e4glat h\u00f6gfj\u00e4llsomr\u00e5de med branta,<br \/>glaci\u00e4rt\u00e4ckta fj\u00e4llmassiv och h\u00f6gplat\u00e5er.<\/p>\r\n<div class=\"item-page\">\r\n<p><strong>Padjelanta Nationalpark <\/strong><a href=\"https:\/\/se.skarja.de\/wordpress\/index.php\/padjelanta\/\"><span style=\"color: #0000ff;\">(Beskrivning)<\/span><\/a><strong><br \/><br \/><\/strong>En h\u00f6gplat\u00e5 mellan Sarek och den norska gr\u00e4nsen.<br \/>Padjelanta k\u00e4nnetecknas av mjukt rundade bergskammar, b\u00f6ljande h\u00f6gplat\u00e5er och enorma vattenytor som omges av h\u00f6ga bergsmassiv.<\/p>\r\n<p><strong>Sk\u00e4rg\u00e5rden <\/strong><span style=\"color: #0000ff;\">(<a style=\"color: #0000ff;\" href=\"https:\/\/se.skarja.de\/wordpress\/index.php\/schaeren\/\">Beskrivning)<\/a><\/span><br \/><br \/><\/p>\r\n<div data-subtree=\"aimfl,mfl\" data-processed=\"true\"><span class=\"uJ19be notranslate\" data-wiz-uids=\"CTdFxd_d,CTdFxd_e,CTdFxd_f\" data-processed=\"true\"><span class=\"vKEkVd\" data-animation-atomic=\"\" data-wiz-attrbind=\"class=CTdFxd_d\/TKHnVd;\" data-processed=\"true\">L\u00e4ngs den svenska kusten finns tiotusentals sk\u00e4r; bara den ber\u00f6mda Stockholms sk\u00e4rg\u00e5rd omfattar cirka 30 000 \u00f6ar, klippor och sk\u00e4r som str\u00e4cker sig i en solfj\u00e4derform ut i \u00d6stersj\u00f6n, men \u00e4ven omr\u00e5den som Bohusl\u00e4n p\u00e5 v\u00e4stkusten har \u00f6ver 8 000 \u00f6ar som bildar ett imponerande sk\u00e4rlandskap. <br \/><br \/><br \/><\/span><\/span><\/div>\r\n<div class=\"item-page\">\r\n<p><strong>Andra regioner:<\/strong><\/p>\r\n<p>D\u00e5 finns alla fj\u00e4llregioner i Skandinavien, H\u00f6ga kusten med sitt vackra kustlandskap, och naturligtvis \u00e4ven Norge.<br \/>H\u00f6ga kusten kommer jag att unders\u00f6ka n\u00e4rmare.<\/p>\r\n<\/div>\r\n<p>&nbsp;<\/p>\r\n<h4><br \/><br \/><\/h4>\r\n<\/div>\r\n\r\n<div id=\"simple-translate\" class=\"simple-translate-system-theme\">\r\n<div>\r\n<div class=\"simple-translate-button isShow\" style=\"background-image: url('moz-extension:\/\/b413644e-e58a-4854-abfd-9ce915f3487f\/icons\/512.png'); height: 22px; width: 22px; top: 624px; left: -6px;\">\u00a0<\/div>\r\n<div class=\"simple-translate-panel \" style=\"width: 300px; height: 200px; top: 0px; left: 0px; font-size: 13px;\">\r\n<div class=\"simple-translate-result-wrapper\" style=\"overflow: hidden;\">\r\n<div class=\"simple-translate-move\" draggable=\"true\">\u00a0<\/div>\r\n<div class=\"simple-translate-result-contents\">\r\n<p class=\"simple-translate-result\" dir=\"auto\">\u00a0<\/p>\r\n<p class=\"simple-translate-candidate\" dir=\"auto\">\u00a0<\/p>\r\n<\/div>\r\n<\/div>\r\n<\/div>\r\n<\/div>\r\n<\/div>","protected":false},"excerpt":{"rendered":"<p>H\u00e4r \u00e4r lite information om nationalparkerna och de \u00f6vriga regionerna d\u00e4r jag r\u00f6r mig. Sarek Nationalpark (Beskrivning) Sarek \u00e4r ett utpr\u00e4glat h\u00f6gfj\u00e4llsomr\u00e5de med branta,glaci\u00e4rt\u00e4ckta fj\u00e4llmassiv och h\u00f6gplat\u00e5er. Padjelanta Nationalpark (Beskrivning) En h\u00f6gplat\u00e5 mellan Sarek och den norska gr\u00e4nsen.Padjelanta k\u00e4nnetecknas av mjukt rundade bergskammar, b\u00f6ljande h\u00f6gplat\u00e5er och enorma vattenytor som omges av h\u00f6ga bergsmassiv. Sk\u00e4rg\u00e5rden (Beskrivning) &hellip; <\/p>\n<p class=\"link-more\"><a href=\"https:\/\/se.skarja.de\/wordpress\/index.php\/startseite-2\/ueber\/\" class=\"more-link\">Forts\u00e4tt l\u00e4sa<span class=\"screen-reader-text\"> \u201dRegionen\u201d<\/span><\/a><\/p>\n","protected":false},"author":1,"featured_media":333,"parent":9,"menu_order":0,"comment_status":"closed","ping_status":"closed","template":"","meta":{"footnotes":""},"class_list":["post-10","page","type-page","status-publish","has-post-thumbnail","hentry"],"_links":{"self":[{"href":"https:\/\/se.skarja.de\/wordpress\/index.php\/wp-json\/wp\/v2\/pages\/10","targetHints":{"allow":["GET"]}}],"collection":[{"href":"https:\/\/se.skarja.de\/wordpress\/index.php\/wp-json\/wp\/v2\/pages"}],"about":[{"href":"https:\/\/se.skarja.de\/wordpress\/index.php\/wp-json\/wp\/v2\/types\/page"}],"author":[{"embeddable":true,"href":"https:\/\/se.skarja.de\/wordpress\/index.php\/wp-json\/wp\/v2\/users\/1"}],"replies":[{"embeddable":true,"href":"https:\/\/se.skarja.de\/wordpress\/index.php\/wp-json\/wp\/v2\/comments?post=10"}],"version-history":[{"count":8,"href":"https:\/\/se.skarja.de\/wordpress\/index.php\/wp-json\/wp\/v2\/pages\/10\/revisions"}],"predecessor-version":[{"id":844,"href":"https:\/\/se.skarja.de\/wordpress\/index.php\/wp-json\/wp\/v2\/pages\/10\/revisions\/844"}],"up":[{"embeddable":true,"href":"https:\/\/se.skarja.de\/wordpress\/index.php\/wp-json\/wp\/v2\/pages\/9"}],"wp:featuredmedia":[{"embeddable":true,"href":"https:\/\/se.skarja.de\/wordpress\/index.php\/wp-json\/wp\/v2\/media\/333"}],"wp:attachment":[{"href":"https:\/\/se.skarja.de\/wordpress\/index.php\/wp-json\/wp\/v2\/media?parent=10"}],"curies":[{"name":"wp","href":"https:\/\/api.w.org\/{rel}","templated":true}]}}